{"id":979,"date":"2025-10-09T10:50:22","date_gmt":"2025-10-09T10:50:22","guid":{"rendered":"https:\/\/cr.hi.is\/?page_id=979"},"modified":"2025-10-29T03:04:25","modified_gmt":"2025-10-29T03:04:25","slug":"frettir","status":"publish","type":"page","link":"https:\/\/cr.hi.is\/en\/frettir\/","title":{"rendered":"NEWS"},"content":{"rendered":"\t\t<div data-elementor-type=\"wp-page\" data-elementor-id=\"979\" class=\"elementor elementor-979\" data-elementor-post-type=\"page\">\n\t\t\t\t<div class=\"elementor-element elementor-element-e0d51b7 e-flex e-con-boxed e-con e-parent\" data-id=\"e0d51b7\" data-element_type=\"container\" data-e-type=\"container\">\n\t\t\t\t\t<div class=\"e-con-inner\">\n\t\t\t\t<div class=\"elementor-element elementor-element-e895b11 elementor-invisible elementor-widget elementor-widget-heading\" data-id=\"e895b11\" data-element_type=\"widget\" data-e-type=\"widget\" data-settings=\"{&quot;_animation&quot;:&quot;fadeIn&quot;}\" data-widget_type=\"heading.default\">\n\t\t\t\t\t<h1 class=\"elementor-heading-title elementor-size-default\">Fr\u00e9ttir<\/h1>\t\t\t\t<\/div>\n\t\t\t\t<div class=\"elementor-element elementor-element-56d5fab elementor-widget-divider--view-line elementor-invisible elementor-widget elementor-widget-divider\" data-id=\"56d5fab\" data-element_type=\"widget\" data-e-type=\"widget\" data-settings=\"{&quot;_animation&quot;:&quot;fadeIn&quot;}\" data-widget_type=\"divider.default\">\n\t\t\t\t\t\t\t<div class=\"elementor-divider\">\n\t\t\t<span class=\"elementor-divider-separator\">\n\t\t\t\t\t\t<\/span>\n\t\t<\/div>\n\t\t\t\t\t\t<\/div>\n\t\t\t\t\t<\/div>\n\t\t\t\t<\/div>\n\t\t<div class=\"elementor-element elementor-element-4302ba8 e-flex e-con-boxed e-con e-parent\" data-id=\"4302ba8\" data-element_type=\"container\" data-e-type=\"container\">\n\t\t\t\t\t<div class=\"e-con-inner\">\n\t\t\t\t<div class=\"elementor-element elementor-element-f5350ba elementor-grid-3 elementor-grid-tablet-2 elementor-grid-mobile-1 elementor-widget elementor-widget-loop-grid\" data-id=\"f5350ba\" data-element_type=\"widget\" data-e-type=\"widget\" data-settings=\"{&quot;template_id&quot;:&quot;961&quot;,&quot;_skin&quot;:&quot;post&quot;,&quot;columns&quot;:&quot;3&quot;,&quot;columns_tablet&quot;:&quot;2&quot;,&quot;columns_mobile&quot;:&quot;1&quot;,&quot;edit_handle_selector&quot;:&quot;[data-elementor-type=\\&quot;loop-item\\&quot;]&quot;,&quot;row_gap&quot;:{&quot;unit&quot;:&quot;px&quot;,&quot;size&quot;:&quot;&quot;,&quot;sizes&quot;:[]},&quot;row_gap_tablet&quot;:{&quot;unit&quot;:&quot;px&quot;,&quot;size&quot;:&quot;&quot;,&quot;sizes&quot;:[]},&quot;row_gap_mobile&quot;:{&quot;unit&quot;:&quot;px&quot;,&quot;size&quot;:&quot;&quot;,&quot;sizes&quot;:[]}}\" data-widget_type=\"loop-grid.post\">\n\t\t\t\t<div class=\"elementor-widget-container\">\n\t\t\t\t\t\t\t<div class=\"elementor-loop-container elementor-grid\" role=\"list\">\n\t\t<style id=\"loop-dynamic-961\">.e-loop-item-2339 .elementor-element.elementor-element-366b048:not(.elementor-motion-effects-element-type-background), .e-loop-item-2339 .elementor-element.elementor-element-366b048 > .elementor-motion-effects-container > .elementor-motion-effects-layer{background-image:url(\"https:\/\/cr.hi.is\/wp-content\/uploads\/2026\/02\/PXL_20260208_135531945.RAW-01.COVER_-scaled.jpg\");}<\/style><style id=\"loop-961\">.elementor-961 .elementor-element.elementor-element-f0d68e1{--display:flex;--flex-direction:column;--container-widget-width:100%;--container-widget-height:initial;--container-widget-flex-grow:0;--container-widget-align-self:initial;--flex-wrap-mobile:wrap;--padding-top:0px;--padding-bottom:0px;--padding-left:0px;--padding-right:0px;}.elementor-961 .elementor-element.elementor-element-366b048{--display:flex;--min-height:241px;--padding-top:0px;--padding-bottom:0px;--padding-left:0px;--padding-right:0px;}.elementor-961 .elementor-element.elementor-element-366b048:not(.elementor-motion-effects-element-type-background), .elementor-961 .elementor-element.elementor-element-366b048 > .elementor-motion-effects-container > .elementor-motion-effects-layer{background-position:center center;background-size:cover;}.elementor-961 .elementor-element.elementor-element-bd82dcf{--display:flex;--padding-top:0px;--padding-bottom:20px;--padding-left:30px;--padding-right:30px;}.elementor-widget-theme-post-title .elementor-heading-title{font-family:var( --e-global-typography-primary-font-family ), Sans-serif;font-weight:var( --e-global-typography-primary-font-weight );color:var( --e-global-color-primary );}.elementor-961 .elementor-element.elementor-element-be20066 .elementor-heading-title{font-family:\"Jost\", Sans-serif;font-size:20px;font-weight:600;text-transform:uppercase;line-height:1.2em;letter-spacing:2px;color:#1D1D1D;}.elementor-widget-theme-post-excerpt{font-family:var( --e-global-typography-text-font-family ), Sans-serif;font-weight:var( --e-global-typography-text-font-weight );color:var( --e-global-color-text );}<\/style>\t\t<div data-elementor-type=\"loop-item\" data-elementor-id=\"961\" class=\"elementor elementor-961 e-loop-item e-loop-item-2339 post-2339 post type-post status-publish format-standard has-post-thumbnail hentry category-frett\" data-elementor-post-type=\"elementor_library\" data-custom-edit-handle=\"1\">\n\t\t\t<a class=\"elementor-element elementor-element-f0d68e1 hover-resize animated-fast e-flex e-con-boxed elementor-invisible e-con e-parent\" data-id=\"f0d68e1\" data-element_type=\"container\" data-e-type=\"container\" data-settings=\"{&quot;animation&quot;:&quot;zoomIn&quot;}\" href=\"https:\/\/cr.hi.is\/en\/malthing-og-listamannaspjall-i-tilefni-syningarloka\/\">\n\t\t\t\t\t<div class=\"e-con-inner\">\n\t\t<div class=\"elementor-element elementor-element-366b048 e-con-full e-flex e-con e-child\" data-id=\"366b048\" data-element_type=\"container\" data-e-type=\"container\" data-settings=\"{&quot;background_background&quot;:&quot;classic&quot;}\">\n\t\t\t\t<\/div>\n\t\t<div class=\"elementor-element elementor-element-bd82dcf e-con-full e-flex e-con e-child\" data-id=\"bd82dcf\" data-element_type=\"container\" data-e-type=\"container\">\n\t\t\t\t<div class=\"elementor-element elementor-element-be20066 elementor-widget elementor-widget-theme-post-title elementor-page-title elementor-widget-heading\" data-id=\"be20066\" data-element_type=\"widget\" data-e-type=\"widget\" data-widget_type=\"theme-post-title.default\">\n\t\t\t\t\t<h1 class=\"elementor-heading-title elementor-size-default\">M\u00e1l\u00feing og listamannaspjall \u00ed tilefni s\u00fdningarloka<\/h1>\t\t\t\t<\/div>\n\t\t\t\t<div class=\"elementor-element elementor-element-cda5ad9 elementor-widget elementor-widget-theme-post-excerpt\" data-id=\"cda5ad9\" data-element_type=\"widget\" data-e-type=\"widget\" data-widget_type=\"theme-post-excerpt.default\">\n\t\t\t\t\t<p>Sunnudaginn 8. febr\u00faar var haldi\u00f0 m\u00e1l\u00feing og listamannaspjall \u00ed tilefni s\u00fdningarloka Vi\u00f0brag\u00f0s \u00ed Listasafninu \u00e1 . . .\t\t\t\t<\/div>\n\t\t\t\t<\/div>\n\t\t\t\t\t<\/div>\n\t\t\t\t<\/a>\n\t\t\t\t<\/div>\n\t\t<style id=\"loop-dynamic-961\">.e-loop-item-1906 .elementor-element.elementor-element-366b048:not(.elementor-motion-effects-element-type-background), .e-loop-item-1906 .elementor-element.elementor-element-366b048 > .elementor-motion-effects-container > .elementor-motion-effects-layer{background-image:url(\"https:\/\/cr.hi.is\/wp-content\/uploads\/2025\/11\/21-scaled.jpg\");}<\/style>\t\t<div data-elementor-type=\"loop-item\" data-elementor-id=\"961\" class=\"elementor elementor-961 e-loop-item e-loop-item-1906 post-1906 post type-post status-publish format-standard has-post-thumbnail hentry category-frett category-greinar\" data-elementor-post-type=\"elementor_library\" data-custom-edit-handle=\"1\">\n\t\t\t<a class=\"elementor-element elementor-element-f0d68e1 hover-resize animated-fast e-flex e-con-boxed elementor-invisible e-con e-parent\" data-id=\"f0d68e1\" data-element_type=\"container\" data-e-type=\"container\" data-settings=\"{&quot;animation&quot;:&quot;zoomIn&quot;}\" href=\"https:\/\/cr.hi.is\/en\/opnun-syningarinnar-vidbragd-i-listasafninu-a-akureyri\/\">\n\t\t\t\t\t<div class=\"e-con-inner\">\n\t\t<div class=\"elementor-element elementor-element-366b048 e-con-full e-flex e-con e-child\" data-id=\"366b048\" data-element_type=\"container\" data-e-type=\"container\" data-settings=\"{&quot;background_background&quot;:&quot;classic&quot;}\">\n\t\t\t\t<\/div>\n\t\t<div class=\"elementor-element elementor-element-bd82dcf e-con-full e-flex e-con e-child\" data-id=\"bd82dcf\" data-element_type=\"container\" data-e-type=\"container\">\n\t\t\t\t<div class=\"elementor-element elementor-element-be20066 elementor-widget elementor-widget-theme-post-title elementor-page-title elementor-widget-heading\" data-id=\"be20066\" data-element_type=\"widget\" data-e-type=\"widget\" data-widget_type=\"theme-post-title.default\">\n\t\t\t\t\t<h1 class=\"elementor-heading-title elementor-size-default\">Opnun s\u00fdningarinnar Vi\u00f0brag\u00f0 \u00ed Listasafninu \u00e1 Akureyri<\/h1>\t\t\t\t<\/div>\n\t\t\t\t<div class=\"elementor-element elementor-element-cda5ad9 elementor-widget elementor-widget-theme-post-excerpt\" data-id=\"cda5ad9\" data-element_type=\"widget\" data-e-type=\"widget\" data-widget_type=\"theme-post-excerpt.default\">\n\t\t\t\t\t<p>Skapandi vi\u00f0br\u00f6g\u00f0 vi\u00f0 umhverfis\u00f3gnum var \u00feema lists\u00fdningar sem opna\u00f0i 27. n\u00f3vember \u00ed Ketilh\u00fasi Listasafnsins \u00e1 . . .\t\t\t\t<\/div>\n\t\t\t\t<\/div>\n\t\t\t\t\t<\/div>\n\t\t\t\t<\/a>\n\t\t\t\t<\/div>\n\t\t<style id=\"loop-dynamic-961\">.e-loop-item-1094 .elementor-element.elementor-element-366b048:not(.elementor-motion-effects-element-type-background), .e-loop-item-1094 .elementor-element.elementor-element-366b048 > .elementor-motion-effects-container > .elementor-motion-effects-layer{background-image:url(\"https:\/\/cr.hi.is\/wp-content\/uploads\/2025\/11\/gestalistamadur-3.jpeg\");}<\/style>\t\t<div data-elementor-type=\"loop-item\" data-elementor-id=\"961\" class=\"elementor elementor-961 e-loop-item e-loop-item-1094 post-1094 post type-post status-publish format-standard has-post-thumbnail hentry category-frett\" data-elementor-post-type=\"elementor_library\" data-custom-edit-handle=\"1\">\n\t\t\t<a class=\"elementor-element elementor-element-f0d68e1 hover-resize animated-fast e-flex e-con-boxed elementor-invisible e-con e-parent\" data-id=\"f0d68e1\" data-element_type=\"container\" data-e-type=\"container\" data-settings=\"{&quot;animation&quot;:&quot;zoomIn&quot;}\" href=\"https:\/\/cr.hi.is\/en\/creative-responses-to-environmental-crises-in-nordic-art-and-literature\/\">\n\t\t\t\t\t<div class=\"e-con-inner\">\n\t\t<div class=\"elementor-element elementor-element-366b048 e-con-full e-flex e-con e-child\" data-id=\"366b048\" data-element_type=\"container\" data-e-type=\"container\" data-settings=\"{&quot;background_background&quot;:&quot;classic&quot;}\">\n\t\t\t\t<\/div>\n\t\t<div class=\"elementor-element elementor-element-bd82dcf e-con-full e-flex e-con e-child\" data-id=\"bd82dcf\" data-element_type=\"container\" data-e-type=\"container\">\n\t\t\t\t<div class=\"elementor-element elementor-element-be20066 elementor-widget elementor-widget-theme-post-title elementor-page-title elementor-widget-heading\" data-id=\"be20066\" data-element_type=\"widget\" data-e-type=\"widget\" data-widget_type=\"theme-post-title.default\">\n\t\t\t\t\t<h1 class=\"elementor-heading-title elementor-size-default\">Opi\u00f0 h\u00fas hj\u00e1 gestalistamanni<\/h1>\t\t\t\t<\/div>\n\t\t\t\t<div class=\"elementor-element elementor-element-cda5ad9 elementor-widget elementor-widget-theme-post-excerpt\" data-id=\"cda5ad9\" data-element_type=\"widget\" data-e-type=\"widget\" data-widget_type=\"theme-post-excerpt.default\">\n\t\t\t\t\t<p>Hrafnkell Sigur\u00f0sson, gestalistama\u00f0ur \u00ed G\u00edg, vinnur \u00feessa dagana a\u00f0 sk\u00falpt\u00far \u00far fundnu efni \u00ed M\u00fdvatnssveit, . . .\t\t\t\t<\/div>\n\t\t\t\t<\/div>\n\t\t\t\t\t<\/div>\n\t\t\t\t<\/a>\n\t\t\t\t<\/div>\n\t\t<style id=\"loop-dynamic-961\">.e-loop-item-1079 .elementor-element.elementor-element-366b048:not(.elementor-motion-effects-element-type-background), .e-loop-item-1079 .elementor-element.elementor-element-366b048 > .elementor-motion-effects-container > .elementor-motion-effects-layer{background-image:url(\"https:\/\/cr.hi.is\/wp-content\/uploads\/2025\/11\/Hrafnkell1.jpg\");}<\/style>\t\t<div data-elementor-type=\"loop-item\" data-elementor-id=\"961\" class=\"elementor elementor-961 e-loop-item e-loop-item-1079 post-1079 post type-post status-publish format-standard has-post-thumbnail hentry category-frett\" data-elementor-post-type=\"elementor_library\" data-custom-edit-handle=\"1\">\n\t\t\t<a class=\"elementor-element elementor-element-f0d68e1 hover-resize animated-fast e-flex e-con-boxed elementor-invisible e-con e-parent\" data-id=\"f0d68e1\" data-element_type=\"container\" data-e-type=\"container\" data-settings=\"{&quot;animation&quot;:&quot;zoomIn&quot;}\" href=\"https:\/\/cr.hi.is\/en\/spjallad-um-umhverfislist-i-rannsoknasetri-hi-i-thingeyjarsveit\/\">\n\t\t\t\t\t<div class=\"e-con-inner\">\n\t\t<div class=\"elementor-element elementor-element-366b048 e-con-full e-flex e-con e-child\" data-id=\"366b048\" data-element_type=\"container\" data-e-type=\"container\" data-settings=\"{&quot;background_background&quot;:&quot;classic&quot;}\">\n\t\t\t\t<\/div>\n\t\t<div class=\"elementor-element elementor-element-bd82dcf e-con-full e-flex e-con e-child\" data-id=\"bd82dcf\" data-element_type=\"container\" data-e-type=\"container\">\n\t\t\t\t<div class=\"elementor-element elementor-element-be20066 elementor-widget elementor-widget-theme-post-title elementor-page-title elementor-widget-heading\" data-id=\"be20066\" data-element_type=\"widget\" data-e-type=\"widget\" data-widget_type=\"theme-post-title.default\">\n\t\t\t\t\t<h1 class=\"elementor-heading-title elementor-size-default\">Spjalla\u00f0 um umhverfislist \u00ed Ranns\u00f3knasetri H\u00cd \u00ed \u00deingeyjarsveit<\/h1>\t\t\t\t<\/div>\n\t\t\t\t<div class=\"elementor-element elementor-element-cda5ad9 elementor-widget elementor-widget-theme-post-excerpt\" data-id=\"cda5ad9\" data-element_type=\"widget\" data-e-type=\"widget\" data-widget_type=\"theme-post-excerpt.default\">\n\t\t\t\t\t<p>\u00deann 25. n\u00f3vember ver\u00f0ur opinn vi\u00f0bur\u00f0ur \u00fear sem Hrafnkell Sigur\u00f0sson gestalistama\u00f0ur \u00ed G\u00edg segir fr\u00e1 . . .\t\t\t\t<\/div>\n\t\t\t\t<\/div>\n\t\t\t\t\t<\/div>\n\t\t\t\t<\/a>\n\t\t\t\t<\/div>\n\t\t<style id=\"loop-dynamic-961\">.e-loop-item-1666 .elementor-element.elementor-element-366b048:not(.elementor-motion-effects-element-type-background), .e-loop-item-1666 .elementor-element.elementor-element-366b048 > .elementor-motion-effects-container > .elementor-motion-effects-layer{background-image:url(\"https:\/\/cr.hi.is\/wp-content\/uploads\/2025\/11\/Poster-CR.jpg\");}<\/style>\t\t<div data-elementor-type=\"loop-item\" data-elementor-id=\"961\" class=\"elementor elementor-961 e-loop-item e-loop-item-1666 post-1666 post type-post status-publish format-standard has-post-thumbnail hentry category-frett\" data-elementor-post-type=\"elementor_library\" data-custom-edit-handle=\"1\">\n\t\t\t<a class=\"elementor-element elementor-element-f0d68e1 hover-resize animated-fast e-flex e-con-boxed elementor-invisible e-con e-parent\" data-id=\"f0d68e1\" data-element_type=\"container\" data-e-type=\"container\" data-settings=\"{&quot;animation&quot;:&quot;zoomIn&quot;}\" href=\"https:\/\/cr.hi.is\/en\/fjolsott-malthing-i-kaupmannahafnarhaskola\/\">\n\t\t\t\t\t<div class=\"e-con-inner\">\n\t\t<div class=\"elementor-element elementor-element-366b048 e-con-full e-flex e-con e-child\" data-id=\"366b048\" data-element_type=\"container\" data-e-type=\"container\" data-settings=\"{&quot;background_background&quot;:&quot;classic&quot;}\">\n\t\t\t\t<\/div>\n\t\t<div class=\"elementor-element elementor-element-bd82dcf e-con-full e-flex e-con e-child\" data-id=\"bd82dcf\" data-element_type=\"container\" data-e-type=\"container\">\n\t\t\t\t<div class=\"elementor-element elementor-element-be20066 elementor-widget elementor-widget-theme-post-title elementor-page-title elementor-widget-heading\" data-id=\"be20066\" data-element_type=\"widget\" data-e-type=\"widget\" data-widget_type=\"theme-post-title.default\">\n\t\t\t\t\t<h1 class=\"elementor-heading-title elementor-size-default\">Fj\u00f6lbreytt m\u00e1l\u00feing \u00ed Kaupmannahafnarh\u00e1sk\u00f3la<\/h1>\t\t\t\t<\/div>\n\t\t\t\t<div class=\"elementor-element elementor-element-cda5ad9 elementor-widget elementor-widget-theme-post-excerpt\" data-id=\"cda5ad9\" data-element_type=\"widget\" data-e-type=\"widget\" data-widget_type=\"theme-post-excerpt.default\">\n\t\t\t\t\t<p>Fj\u00f6ldi fr\u00e6\u00f0i- og listamanna h\u00e9ldu erindi um umhverfislist og vistsk\u00e1ldskap \u00e1 vel s\u00f3ttu m\u00e1l\u00feingi um . . .\t\t\t\t<\/div>\n\t\t\t\t<\/div>\n\t\t\t\t\t<\/div>\n\t\t\t\t<\/a>\n\t\t\t\t<\/div>\n\t\t<style id=\"loop-dynamic-961\">.e-loop-item-1096 .elementor-element.elementor-element-366b048:not(.elementor-motion-effects-element-type-background), .e-loop-item-1096 .elementor-element.elementor-element-366b048 > .elementor-motion-effects-container > .elementor-motion-effects-layer{background-image:url(\"https:\/\/cr.hi.is\/wp-content\/uploads\/2025\/10\/Samfelagid.webp\");}<\/style>\t\t<div data-elementor-type=\"loop-item\" data-elementor-id=\"961\" class=\"elementor elementor-961 e-loop-item e-loop-item-1096 post-1096 post type-post status-publish format-standard has-post-thumbnail hentry category-frett\" data-elementor-post-type=\"elementor_library\" data-custom-edit-handle=\"1\">\n\t\t\t<a class=\"elementor-element elementor-element-f0d68e1 hover-resize animated-fast e-flex e-con-boxed elementor-invisible e-con e-parent\" data-id=\"f0d68e1\" data-element_type=\"container\" data-e-type=\"container\" data-settings=\"{&quot;animation&quot;:&quot;zoomIn&quot;}\" href=\"https:\/\/cr.hi.is\/en\/skapandi-vidbrogd-umhverfisognir-basabudin-venus-og-listabokstafir\/\">\n\t\t\t\t\t<div class=\"e-con-inner\">\n\t\t<div class=\"elementor-element elementor-element-366b048 e-con-full e-flex e-con e-child\" data-id=\"366b048\" data-element_type=\"container\" data-e-type=\"container\" data-settings=\"{&quot;background_background&quot;:&quot;classic&quot;}\">\n\t\t\t\t<\/div>\n\t\t<div class=\"elementor-element elementor-element-bd82dcf e-con-full e-flex e-con e-child\" data-id=\"bd82dcf\" data-element_type=\"container\" data-e-type=\"container\">\n\t\t\t\t<div class=\"elementor-element elementor-element-be20066 elementor-widget elementor-widget-theme-post-title elementor-page-title elementor-widget-heading\" data-id=\"be20066\" data-element_type=\"widget\" data-e-type=\"widget\" data-widget_type=\"theme-post-title.default\">\n\t\t\t\t\t<h1 class=\"elementor-heading-title elementor-size-default\">Skapandi vi\u00f0br\u00f6g\u00f0 \u00ed Samf\u00e9laginu \u00ed n\u00e6rmynd<\/h1>\t\t\t\t<\/div>\n\t\t\t\t<div class=\"elementor-element elementor-element-cda5ad9 elementor-widget elementor-widget-theme-post-excerpt\" data-id=\"cda5ad9\" data-element_type=\"widget\" data-e-type=\"widget\" data-widget_type=\"theme-post-excerpt.default\">\n\t\t\t\t\t<p>Hvernig t\u00f6kumst vi\u00f0 \u00e1 vi\u00f0 breytta heimsmynd vegna loftslagsbreytinga, hnignunar l\u00edffr\u00e6\u00f0ilegs fj\u00f6lbreytileika og annarra umhverfis\u00f3gna? . . .\t\t\t\t<\/div>\n\t\t\t\t<\/div>\n\t\t\t\t\t<\/div>\n\t\t\t\t<\/a>\n\t\t\t\t<\/div>\n\t\t\t\t<\/div>\n\t\t\n\t\t\t\t\t\t<\/div>\n\t\t\t\t<\/div>\n\t\t\t\t\t<\/div>\n\t\t\t\t<\/div>\n\t\t\t\t<\/div>\n\t\t","protected":false},"excerpt":{"rendered":"<p>NEWS<\/p>","protected":false},"author":11,"featured_media":0,"parent":0,"menu_order":0,"comment_status":"closed","ping_status":"closed","template":"","meta":{"_acf_changed":false,"footnotes":""},"class_list":["post-979","page","type-page","status-publish","hentry"],"acf":[],"aioseo_notices":[],"_links":{"self":[{"href":"https:\/\/cr.hi.is\/en\/wp-json\/wp\/v2\/pages\/979","targetHints":{"allow":["GET"]}}],"collection":[{"href":"https:\/\/cr.hi.is\/en\/wp-json\/wp\/v2\/pages"}],"about":[{"href":"https:\/\/cr.hi.is\/en\/wp-json\/wp\/v2\/types\/page"}],"author":[{"embeddable":true,"href":"https:\/\/cr.hi.is\/en\/wp-json\/wp\/v2\/users\/11"}],"replies":[{"embeddable":true,"href":"https:\/\/cr.hi.is\/en\/wp-json\/wp\/v2\/comments?post=979"}],"version-history":[{"count":18,"href":"https:\/\/cr.hi.is\/en\/wp-json\/wp\/v2\/pages\/979\/revisions"}],"predecessor-version":[{"id":1552,"href":"https:\/\/cr.hi.is\/en\/wp-json\/wp\/v2\/pages\/979\/revisions\/1552"}],"wp:attachment":[{"href":"https:\/\/cr.hi.is\/en\/wp-json\/wp\/v2\/media?parent=979"}],"curies":[{"name":"wp","href":"https:\/\/api.w.org\/{rel}","templated":true}]}}