{"id":1124,"date":"2025-10-09T20:46:43","date_gmt":"2025-10-09T20:46:43","guid":{"rendered":"https:\/\/cr.hi.is\/?page_id=1124"},"modified":"2025-11-19T16:23:57","modified_gmt":"2025-11-19T16:23:57","slug":"fraedimenn","status":"publish","type":"page","link":"https:\/\/cr.hi.is\/en\/fraedimenn\/","title":{"rendered":"Scholars"},"content":{"rendered":"\t\t<div data-elementor-type=\"wp-page\" data-elementor-id=\"1124\" class=\"elementor elementor-1124\" data-elementor-post-type=\"page\">\n\t\t\t\t<div class=\"elementor-element elementor-element-d12c4fd e-flex e-con-boxed e-con e-parent\" data-id=\"d12c4fd\" data-element_type=\"container\" data-e-type=\"container\">\n\t\t\t\t\t<div class=\"e-con-inner\">\n\t\t\t\t<div class=\"elementor-element elementor-element-d2539be elementor-invisible elementor-widget elementor-widget-heading\" data-id=\"d2539be\" data-element_type=\"widget\" data-e-type=\"widget\" data-settings=\"{&quot;_animation&quot;:&quot;fadeIn&quot;}\" data-widget_type=\"heading.default\">\n\t\t\t\t\t<h1 class=\"elementor-heading-title elementor-size-default\">Fr\u00e6\u00f0imenn<\/h1>\t\t\t\t<\/div>\n\t\t\t\t<div class=\"elementor-element elementor-element-709ac2e elementor-widget-divider--view-line elementor-invisible elementor-widget elementor-widget-divider\" data-id=\"709ac2e\" data-element_type=\"widget\" data-e-type=\"widget\" data-settings=\"{&quot;_animation&quot;:&quot;fadeIn&quot;}\" data-widget_type=\"divider.default\">\n\t\t\t\t\t\t\t<div class=\"elementor-divider\">\n\t\t\t<span class=\"elementor-divider-separator\">\n\t\t\t\t\t\t<\/span>\n\t\t<\/div>\n\t\t\t\t\t\t<\/div>\n\t\t\t\t\t<\/div>\n\t\t\t\t<\/div>\n\t\t<div class=\"elementor-element elementor-element-cc0854c e-flex e-con-boxed e-con e-parent\" data-id=\"cc0854c\" data-element_type=\"container\" data-e-type=\"container\">\n\t\t\t\t\t<div class=\"e-con-inner\">\n\t\t\t\t<div class=\"elementor-element elementor-element-a93f5e7 elementor-grid-1 elementor-grid-tablet-1 elementor-grid-mobile-1 elementor-widget elementor-widget-loop-grid\" data-id=\"a93f5e7\" data-element_type=\"widget\" data-e-type=\"widget\" data-settings=\"{&quot;template_id&quot;:1032,&quot;columns&quot;:1,&quot;columns_tablet&quot;:1,&quot;_skin&quot;:&quot;post&quot;,&quot;columns_mobile&quot;:&quot;1&quot;,&quot;edit_handle_selector&quot;:&quot;[data-elementor-type=\\&quot;loop-item\\&quot;]&quot;,&quot;row_gap&quot;:{&quot;unit&quot;:&quot;px&quot;,&quot;size&quot;:&quot;&quot;,&quot;sizes&quot;:[]},&quot;row_gap_tablet&quot;:{&quot;unit&quot;:&quot;px&quot;,&quot;size&quot;:&quot;&quot;,&quot;sizes&quot;:[]},&quot;row_gap_mobile&quot;:{&quot;unit&quot;:&quot;px&quot;,&quot;size&quot;:&quot;&quot;,&quot;sizes&quot;:[]}}\" data-widget_type=\"loop-grid.post\">\n\t\t\t\t<div class=\"elementor-widget-container\">\n\t\t\t\t\t\t\t<div class=\"elementor-loop-container elementor-grid\" role=\"list\">\n\t\t<style id=\"loop-dynamic-1032\">.e-loop-item-2232 .elementor-element.elementor-element-67dbea4:not(.elementor-motion-effects-element-type-background), .e-loop-item-2232 .elementor-element.elementor-element-67dbea4 > .elementor-motion-effects-container > .elementor-motion-effects-layer{background-image:url(\"https:\/\/cr.hi.is\/wp-content\/uploads\/2025\/11\/Ana-a-syningu.jpg\");}<\/style><style id=\"loop-1032\">.elementor-1032 .elementor-element.elementor-element-5eeaca7{--display:flex;--min-height:290px;--flex-direction:row;--container-widget-width:initial;--container-widget-height:100%;--container-widget-flex-grow:1;--container-widget-align-self:stretch;--flex-wrap-mobile:wrap;--gap:20px 20px;--row-gap:20px;--column-gap:20px;--padding-top:0px;--padding-bottom:0px;--padding-left:0px;--padding-right:0px;}.elementor-1032 .elementor-element.elementor-element-67dbea4{--display:flex;--flex-direction:column;--container-widget-width:100%;--container-widget-height:initial;--container-widget-flex-grow:0;--container-widget-align-self:initial;--flex-wrap-mobile:wrap;}.elementor-1032 .elementor-element.elementor-element-67dbea4:not(.elementor-motion-effects-element-type-background), .elementor-1032 .elementor-element.elementor-element-67dbea4 > .elementor-motion-effects-container > .elementor-motion-effects-layer{background-position:center center;background-size:cover;}.elementor-1032 .elementor-element.elementor-element-7751a49{--display:flex;--flex-direction:column;--container-widget-width:100%;--container-widget-height:initial;--container-widget-flex-grow:0;--container-widget-align-self:initial;--flex-wrap-mobile:wrap;--justify-content:center;--padding-top:70px;--padding-bottom:50px;--padding-left:50px;--padding-right:50px;}.elementor-1032 .elementor-element.elementor-element-7751a49:not(.elementor-motion-effects-element-type-background), .elementor-1032 .elementor-element.elementor-element-7751a49 > .elementor-motion-effects-container > .elementor-motion-effects-layer{background-color:#FAFAFA;}.elementor-widget-heading .elementor-heading-title{font-family:var( --e-global-typography-primary-font-family ), Sans-serif;font-weight:var( --e-global-typography-primary-font-weight );color:var( --e-global-color-primary );}.elementor-1032 .elementor-element.elementor-element-462f89f .elementor-heading-title{font-family:\"Jost\", Sans-serif;font-size:10px;font-weight:300;}.elementor-widget-theme-post-title .elementor-heading-title{font-family:var( --e-global-typography-primary-font-family ), Sans-serif;font-weight:var( --e-global-typography-primary-font-weight );color:var( --e-global-color-primary );}.elementor-1032 .elementor-element.elementor-element-cd8731b .elementor-heading-title{font-family:\"Jost\", Sans-serif;font-size:24px;font-weight:500;line-height:1.2em;color:#1A1A1A;}.elementor-widget-theme-post-content{color:var( --e-global-color-text );font-family:var( --e-global-typography-text-font-family ), Sans-serif;font-weight:var( --e-global-typography-text-font-weight );}.elementor-1032 .elementor-element.elementor-element-c9445ee{font-family:\"Atkinson Hyperlegible\", Sans-serif;font-size:16px;font-weight:400;}.elementor-widget-button .elementor-button{font-family:var( --e-global-typography-accent-font-family ), Sans-serif;font-weight:var( --e-global-typography-accent-font-weight );background-color:var( --e-global-color-accent );}.elementor-1032 .elementor-element.elementor-element-eb6dfbc .elementor-button{border-style:solid;border-width:1px 1px 1px 1px;border-radius:0px 0px 0px 0px;}.elementor-1032 .elementor-element.elementor-element-817231c{--display:flex;--min-height:0px;--flex-direction:column;--container-widget-width:100%;--container-widget-height:initial;--container-widget-flex-grow:0;--container-widget-align-self:initial;--flex-wrap-mobile:wrap;--gap:20px 20px;--row-gap:20px;--column-gap:20px;--padding-top:0px;--padding-bottom:0px;--padding-left:0px;--padding-right:0px;}.elementor-1032 .elementor-element.elementor-element-2f4ef87 .elementor-heading-title{font-family:\"Jost\", Sans-serif;font-size:10px;font-weight:300;}@media(min-width:768px){.elementor-1032 .elementor-element.elementor-element-67dbea4{--width:35%;}.elementor-1032 .elementor-element.elementor-element-7751a49{--width:66.6666%;}}@media(max-width:767px){.elementor-1032 .elementor-element.elementor-element-5eeaca7{--gap:0px 0px;--row-gap:0px;--column-gap:0px;}.elementor-1032 .elementor-element.elementor-element-67dbea4{--min-height:246px;}.elementor-1032 .elementor-element.elementor-element-7751a49{--align-items:center;--container-widget-width:calc( ( 1 - var( --container-widget-flex-grow ) ) * 100% );--margin-top:0px;--margin-bottom:0px;--margin-left:0px;--margin-right:0px;--padding-top:0px;--padding-bottom:20px;--padding-left:20px;--padding-right:20px;}.elementor-1032 .elementor-element.elementor-element-462f89f{text-align:center;width:100%;max-width:100%;}.elementor-1032 .elementor-element.elementor-element-cd8731b{text-align:center;width:100%;max-width:100%;}.elementor-1032 .elementor-element.elementor-element-eb6dfbc{width:100%;max-width:100%;}}<\/style>\t\t<div data-elementor-type=\"loop-item\" data-elementor-id=\"1032\" class=\"elementor elementor-1032 e-loop-item e-loop-item-2232 post-2232 thatttakandi type-thatttakandi status-publish has-post-thumbnail hentry\" data-elementor-post-type=\"elementor_library\" data-custom-edit-handle=\"1\">\n\t\t\t<div class=\"elementor-element elementor-element-5eeaca7 e-con-full e-flex e-con e-parent\" data-id=\"5eeaca7\" data-element_type=\"container\" data-e-type=\"container\">\n\t\t<div class=\"elementor-element elementor-element-67dbea4 e-con-full e-flex e-con e-child\" data-id=\"67dbea4\" data-element_type=\"container\" data-e-type=\"container\" data-settings=\"{&quot;background_background&quot;:&quot;classic&quot;}\">\n\t\t\t\t<\/div>\n\t\t<div class=\"elementor-element elementor-element-7751a49 e-con-full e-flex e-con e-child\" data-id=\"7751a49\" data-element_type=\"container\" data-e-type=\"container\" data-settings=\"{&quot;background_background&quot;:&quot;classic&quot;}\">\n\t\t\t\t<div class=\"elementor-element elementor-element-cd8731b elementor-widget-mobile__width-inherit elementor-widget elementor-widget-theme-post-title elementor-page-title elementor-widget-heading\" data-id=\"cd8731b\" data-element_type=\"widget\" data-e-type=\"widget\" data-widget_type=\"theme-post-title.default\">\n\t\t\t\t\t<h2 class=\"elementor-heading-title elementor-size-default\">Ana Stani\u0107evi\u0107<\/h2>\t\t\t\t<\/div>\n\t\t\t\t<div class=\"elementor-element elementor-element-c9445ee elementor-widget elementor-widget-theme-post-content\" data-id=\"c9445ee\" data-element_type=\"widget\" data-e-type=\"widget\" data-widget_type=\"theme-post-content.default\">\n\t\t\t\t\t\n<p>Ana Stani\u0107evi\u0107 er doktor \u00ed menningarfr\u00e6\u00f0i fr\u00e1 H\u00e1sk\u00f3la \u00cdslands og lektor \u00ed norsku og norskum b\u00f3kmenntum vi\u00f0 H\u00e1sk\u00f3lann \u00ed Helsinki. H\u00fan hefur me\u00f0al annars rannsaka\u00f0 \u00e1hrif vistr\u00fdni og fem\u00edn\u00edskrar vistr\u00fdni \u00e1 samt\u00edmab\u00f3kmenntir Nor\u00f0urlanda og norr\u00e6n \u00f6rforl\u00f6g.<\/p>\n\n\n\n<p><\/p>\n\t\t\t\t<\/div>\n\t\t\t\t<div class=\"elementor-element elementor-element-eb6dfbc elementor-mobile-align-center elementor-widget-mobile__width-inherit elementor-widget elementor-widget-button\" data-id=\"eb6dfbc\" data-element_type=\"widget\" data-e-type=\"widget\" data-widget_type=\"button.default\">\n\t\t\t\t\t\t\t\t\t\t<a class=\"elementor-button elementor-size-sm\" role=\"button\">\n\t\t\t\t\t\t<span class=\"elementor-button-content-wrapper\">\n\t\t\t\t\t\t\t\t\t<span class=\"elementor-button-text\">SKO\u00d0A HEIMAS\u00cd\u00d0U<\/span>\n\t\t\t\t\t<\/span>\n\t\t\t\t\t<\/a>\n\t\t\t\t\t\t\t\t<\/div>\n\t\t\t\t<\/div>\n\t\t\t\t<\/div>\n\t\t<div class=\"elementor-element elementor-element-817231c e-con-full elementor-hidden-mobile e-flex e-con e-parent\" data-id=\"817231c\" data-element_type=\"container\" data-e-type=\"container\">\n\t\t\t\t<\/div>\n\t\t\t\t<\/div>\n\t\t<style id=\"loop-dynamic-1032\">.e-loop-item-2230 .elementor-element.elementor-element-67dbea4:not(.elementor-motion-effects-element-type-background), .e-loop-item-2230 .elementor-element.elementor-element-67dbea4 > .elementor-motion-effects-container > .elementor-motion-effects-layer{background-image:url(\"https:\/\/cr.hi.is\/wp-content\/uploads\/2025\/11\/Katarina-mynd.png\");}<\/style>\t\t<div data-elementor-type=\"loop-item\" data-elementor-id=\"1032\" class=\"elementor elementor-1032 e-loop-item e-loop-item-2230 post-2230 thatttakandi type-thatttakandi status-publish has-post-thumbnail hentry\" data-elementor-post-type=\"elementor_library\" data-custom-edit-handle=\"1\">\n\t\t\t<div class=\"elementor-element elementor-element-5eeaca7 e-con-full e-flex e-con e-parent\" data-id=\"5eeaca7\" data-element_type=\"container\" data-e-type=\"container\">\n\t\t<div class=\"elementor-element elementor-element-67dbea4 e-con-full e-flex e-con e-child\" data-id=\"67dbea4\" data-element_type=\"container\" data-e-type=\"container\" data-settings=\"{&quot;background_background&quot;:&quot;classic&quot;}\">\n\t\t\t\t<\/div>\n\t\t<div class=\"elementor-element elementor-element-7751a49 e-con-full e-flex e-con e-child\" data-id=\"7751a49\" data-element_type=\"container\" data-e-type=\"container\" data-settings=\"{&quot;background_background&quot;:&quot;classic&quot;}\">\n\t\t\t\t<div class=\"elementor-element elementor-element-cd8731b elementor-widget-mobile__width-inherit elementor-widget elementor-widget-theme-post-title elementor-page-title elementor-widget-heading\" data-id=\"cd8731b\" data-element_type=\"widget\" data-e-type=\"widget\" data-widget_type=\"theme-post-title.default\">\n\t\t\t\t\t<h2 class=\"elementor-heading-title elementor-size-default\">Katarina Lepp\u00e4nen<\/h2>\t\t\t\t<\/div>\n\t\t\t\t<div class=\"elementor-element elementor-element-c9445ee elementor-widget elementor-widget-theme-post-content\" data-id=\"c9445ee\" data-element_type=\"widget\" data-e-type=\"widget\" data-widget_type=\"theme-post-content.default\">\n\t\t\t\t\t\n<p>Katarina Lepp\u00e4nen er pr\u00f3fessor vi\u00f0 b\u00f3kmennta-, hugmynda- og tr\u00faarbrag\u00f0adeild H\u00e1sk\u00f3lans \u00ed Gautaborg. Ranns\u00f3knir hennar sameina hugmyndas\u00f6gu og b\u00f3kmenntafr\u00e6\u00f0i. N\u00fdlegar fr\u00e6\u00f0igreinar hennar m\u00e1 me\u00f0al annars finna \u00ed <em>The Routledge Handbook on Ecofeminism and Literature<\/em> og \u00ed <em>Storying the Ecocatastrophe: Contemporary Narratives and the Environmental Collapse<\/em> (ritstj. Duffy &amp; Lepp\u00e4nen, 2024). Katarina ritst\u00fdr\u00f0i <em>Creative Responses to Environmental Crises in Nordic Art and Literature<\/em> \u00e1samt Au\u00f0i A\u00f0alsteinsd\u00f3ttur (2025).\u00a0<\/p>\n\t\t\t\t<\/div>\n\t\t\t\t<div class=\"elementor-element elementor-element-eb6dfbc elementor-mobile-align-center elementor-widget-mobile__width-inherit elementor-widget elementor-widget-button\" data-id=\"eb6dfbc\" data-element_type=\"widget\" data-e-type=\"widget\" data-widget_type=\"button.default\">\n\t\t\t\t\t\t\t\t\t\t<a class=\"elementor-button elementor-size-sm\" role=\"button\">\n\t\t\t\t\t\t<span class=\"elementor-button-content-wrapper\">\n\t\t\t\t\t\t\t\t\t<span class=\"elementor-button-text\">SKO\u00d0A HEIMAS\u00cd\u00d0U<\/span>\n\t\t\t\t\t<\/span>\n\t\t\t\t\t<\/a>\n\t\t\t\t\t\t\t\t<\/div>\n\t\t\t\t<\/div>\n\t\t\t\t<\/div>\n\t\t<div class=\"elementor-element elementor-element-817231c e-con-full elementor-hidden-mobile e-flex e-con e-parent\" data-id=\"817231c\" data-element_type=\"container\" data-e-type=\"container\">\n\t\t\t\t<\/div>\n\t\t\t\t<\/div>\n\t\t<style id=\"loop-dynamic-1032\">.e-loop-item-2010 .elementor-element.elementor-element-67dbea4:not(.elementor-motion-effects-element-type-background), .e-loop-item-2010 .elementor-element.elementor-element-67dbea4 > .elementor-motion-effects-container > .elementor-motion-effects-layer{background-image:url(\"https:\/\/cr.hi.is\/wp-content\/uploads\/2025\/11\/AA-Creatures.jpg\");}<\/style>\t\t<div data-elementor-type=\"loop-item\" data-elementor-id=\"1032\" class=\"elementor elementor-1032 e-loop-item e-loop-item-2010 post-2010 thatttakandi type-thatttakandi status-publish has-post-thumbnail hentry\" data-elementor-post-type=\"elementor_library\" data-custom-edit-handle=\"1\">\n\t\t\t<div class=\"elementor-element elementor-element-5eeaca7 e-con-full e-flex e-con e-parent\" data-id=\"5eeaca7\" data-element_type=\"container\" data-e-type=\"container\">\n\t\t<div class=\"elementor-element elementor-element-67dbea4 e-con-full e-flex e-con e-child\" data-id=\"67dbea4\" data-element_type=\"container\" data-e-type=\"container\" data-settings=\"{&quot;background_background&quot;:&quot;classic&quot;}\">\n\t\t\t\t<\/div>\n\t\t<div class=\"elementor-element elementor-element-7751a49 e-con-full e-flex e-con e-child\" data-id=\"7751a49\" data-element_type=\"container\" data-e-type=\"container\" data-settings=\"{&quot;background_background&quot;:&quot;classic&quot;}\">\n\t\t\t\t<div class=\"elementor-element elementor-element-cd8731b elementor-widget-mobile__width-inherit elementor-widget elementor-widget-theme-post-title elementor-page-title elementor-widget-heading\" data-id=\"cd8731b\" data-element_type=\"widget\" data-e-type=\"widget\" data-widget_type=\"theme-post-title.default\">\n\t\t\t\t\t<h2 class=\"elementor-heading-title elementor-size-default\">Au\u00f0ur A\u00f0alsteinsd\u00f3ttir<\/h2>\t\t\t\t<\/div>\n\t\t\t\t<div class=\"elementor-element elementor-element-c9445ee elementor-widget elementor-widget-theme-post-content\" data-id=\"c9445ee\" data-element_type=\"widget\" data-e-type=\"widget\" data-widget_type=\"theme-post-content.default\">\n\t\t\t\t\t\n<p>Au\u00f0ur er ranns\u00f3knarlektor \u00ed umhverfishugv\u00edsindum og forst\u00f6\u00f0uma\u00f0ur Ranns\u00f3knaseturs H\u00e1sk\u00f3la \u00cdslands \u00ed \u00deingeyjarsveit. H\u00fan hefur stunda\u00f0 ranns\u00f3knir \u00e1 \u00edslenskum b\u00f3kmenntum og listum fr\u00e1 sj\u00f3narhorni vistr\u00fdni og er m.a. h\u00f6fundur b\u00f3karinnar <em>Hamfarir \u00ed b\u00f3kmenntum og listum<\/em> (2023). <\/p>\n\t\t\t\t<\/div>\n\t\t\t\t<div class=\"elementor-element elementor-element-eb6dfbc elementor-mobile-align-center elementor-widget-mobile__width-inherit elementor-widget elementor-widget-button\" data-id=\"eb6dfbc\" data-element_type=\"widget\" data-e-type=\"widget\" data-widget_type=\"button.default\">\n\t\t\t\t\t\t\t\t\t\t<a class=\"elementor-button elementor-button-link elementor-size-sm\" href=\"https:\/\/hi.is\/starfsfolk\/audurada\" target=\"_blank\">\n\t\t\t\t\t\t<span class=\"elementor-button-content-wrapper\">\n\t\t\t\t\t\t\t\t\t<span class=\"elementor-button-text\">SKO\u00d0A HEIMAS\u00cd\u00d0U<\/span>\n\t\t\t\t\t<\/span>\n\t\t\t\t\t<\/a>\n\t\t\t\t\t\t\t\t<\/div>\n\t\t\t\t<\/div>\n\t\t\t\t<\/div>\n\t\t<div class=\"elementor-element elementor-element-817231c e-con-full elementor-hidden-mobile e-flex e-con e-parent\" data-id=\"817231c\" data-element_type=\"container\" data-e-type=\"container\">\n\t\t\t\t<\/div>\n\t\t\t\t<\/div>\n\t\t<style id=\"loop-dynamic-1032\">.e-loop-item-2325 .elementor-element.elementor-element-67dbea4:not(.elementor-motion-effects-element-type-background), .e-loop-item-2325 .elementor-element.elementor-element-67dbea4 > .elementor-motion-effects-container > .elementor-motion-effects-layer{background-image:url(\"https:\/\/cr.hi.is\/wp-content\/uploads\/2025\/10\/kjaer-2-scaled.jpg\");}<\/style>\t\t<div data-elementor-type=\"loop-item\" data-elementor-id=\"1032\" class=\"elementor elementor-1032 e-loop-item e-loop-item-2325 post-2325 thatttakandi type-thatttakandi status-publish has-post-thumbnail hentry thatttak-fraedimadur\" data-elementor-post-type=\"elementor_library\" data-custom-edit-handle=\"1\">\n\t\t\t<div class=\"elementor-element elementor-element-5eeaca7 e-con-full e-flex e-con e-parent\" data-id=\"5eeaca7\" data-element_type=\"container\" data-e-type=\"container\">\n\t\t<div class=\"elementor-element elementor-element-67dbea4 e-con-full e-flex e-con e-child\" data-id=\"67dbea4\" data-element_type=\"container\" data-e-type=\"container\" data-settings=\"{&quot;background_background&quot;:&quot;classic&quot;}\">\n\t\t\t\t<\/div>\n\t\t<div class=\"elementor-element elementor-element-7751a49 e-con-full e-flex e-con e-child\" data-id=\"7751a49\" data-element_type=\"container\" data-e-type=\"container\" data-settings=\"{&quot;background_background&quot;:&quot;classic&quot;}\">\n\t\t\t\t<div class=\"elementor-element elementor-element-cd8731b elementor-widget-mobile__width-inherit elementor-widget elementor-widget-theme-post-title elementor-page-title elementor-widget-heading\" data-id=\"cd8731b\" data-element_type=\"widget\" data-e-type=\"widget\" data-widget_type=\"theme-post-title.default\">\n\t\t\t\t\t<h2 class=\"elementor-heading-title elementor-size-default\">Michael Kj\u00e6r<\/h2>\t\t\t\t<\/div>\n\t\t\t\t<div class=\"elementor-element elementor-element-c9445ee elementor-widget elementor-widget-theme-post-content\" data-id=\"c9445ee\" data-element_type=\"widget\" data-e-type=\"widget\" data-widget_type=\"theme-post-content.default\">\n\t\t\t\t\t\n<p>Michael Kj\u00e6r er lektor vi\u00f0 PASS, ranns\u00f3knasetur a\u00f0ger\u00f0ami\u00f0a\u00f0rar listfr\u00e6\u00f0i (practice-based art studies) vi\u00f0 H\u00e1sk\u00f3lann \u00ed Kaupmannah\u00f6fn. Ranns\u00f3knir hans beinast a\u00f0 \u00fer\u00f3un og \u00e1stundun fagurfr\u00e6\u00f0ilegra vettvangsranns\u00f3kna. Michael starfar me\u00f0 \u00feverfaglegum h\u00f3pi listaf\u00f3lks og v\u00edsindamanna \u00fat fr\u00e1 \u00feeim forsendum a\u00f0 J\u00f6r\u00f0in feli \u00ed s\u00e9r fagurfr\u00e6\u00f0ilega \u00feekkingu. Hann er me\u00f0al frumkv\u00f6\u00f0la UArctic-samstarfsnetsins Extremes, sem rannsakar \u00f6fgafullt umhverfi \u00e1 nor\u00f0ursl\u00f3\u00f0um og v\u00ed\u00f0ar sem d\u00e6mi um ja\u00f0ara\u00f0st\u00e6\u00f0ur l\u00edfs \u00e1 J\u00f6r\u00f0u.<br><\/p>\n\t\t\t\t<\/div>\n\t\t\t\t<div class=\"elementor-element elementor-element-eb6dfbc elementor-mobile-align-center elementor-widget-mobile__width-inherit elementor-widget elementor-widget-button\" data-id=\"eb6dfbc\" data-element_type=\"widget\" data-e-type=\"widget\" data-widget_type=\"button.default\">\n\t\t\t\t\t\t\t\t\t\t<a class=\"elementor-button elementor-size-sm\" role=\"button\">\n\t\t\t\t\t\t<span class=\"elementor-button-content-wrapper\">\n\t\t\t\t\t\t\t\t\t<span class=\"elementor-button-text\">SKO\u00d0A HEIMAS\u00cd\u00d0U<\/span>\n\t\t\t\t\t<\/span>\n\t\t\t\t\t<\/a>\n\t\t\t\t\t\t\t\t<\/div>\n\t\t\t\t<\/div>\n\t\t\t\t<\/div>\n\t\t<div class=\"elementor-element elementor-element-817231c e-con-full elementor-hidden-mobile e-flex e-con e-parent\" data-id=\"817231c\" data-element_type=\"container\" data-e-type=\"container\">\n\t\t\t\t<\/div>\n\t\t\t\t<\/div>\n\t\t\t\t<\/div>\n\t\t\n\t\t\t\t\t\t<\/div>\n\t\t\t\t<\/div>\n\t\t\t\t\t<\/div>\n\t\t\t\t<\/div>\n\t\t\t\t<\/div>\n\t\t","protected":false},"excerpt":{"rendered":"<p>Scholars<\/p>","protected":false},"author":11,"featured_media":0,"parent":0,"menu_order":0,"comment_status":"closed","ping_status":"closed","template":"","meta":{"_acf_changed":false,"footnotes":""},"class_list":["post-1124","page","type-page","status-publish","hentry"],"acf":[],"aioseo_notices":[],"_links":{"self":[{"href":"https:\/\/cr.hi.is\/en\/wp-json\/wp\/v2\/pages\/1124","targetHints":{"allow":["GET"]}}],"collection":[{"href":"https:\/\/cr.hi.is\/en\/wp-json\/wp\/v2\/pages"}],"about":[{"href":"https:\/\/cr.hi.is\/en\/wp-json\/wp\/v2\/types\/page"}],"author":[{"embeddable":true,"href":"https:\/\/cr.hi.is\/en\/wp-json\/wp\/v2\/users\/11"}],"replies":[{"embeddable":true,"href":"https:\/\/cr.hi.is\/en\/wp-json\/wp\/v2\/comments?post=1124"}],"version-history":[{"count":22,"href":"https:\/\/cr.hi.is\/en\/wp-json\/wp\/v2\/pages\/1124\/revisions"}],"predecessor-version":[{"id":2225,"href":"https:\/\/cr.hi.is\/en\/wp-json\/wp\/v2\/pages\/1124\/revisions\/2225"}],"wp:attachment":[{"href":"https:\/\/cr.hi.is\/en\/wp-json\/wp\/v2\/media?parent=1124"}],"curies":[{"name":"wp","href":"https:\/\/api.w.org\/{rel}","templated":true}]}}