{"id":1006,"date":"2025-10-09T11:01:57","date_gmt":"2025-10-09T11:01:57","guid":{"rendered":"https:\/\/cr.hi.is\/?page_id=1006"},"modified":"2025-10-29T03:04:40","modified_gmt":"2025-10-29T03:04:40","slug":"vidburdir","status":"publish","type":"page","link":"https:\/\/cr.hi.is\/en\/vidburdir\/","title":{"rendered":"EVENTS"},"content":{"rendered":"\t\t<div data-elementor-type=\"wp-page\" data-elementor-id=\"1006\" class=\"elementor elementor-1006\" data-elementor-post-type=\"page\">\n\t\t\t\t<div class=\"elementor-element elementor-element-70a5071 e-flex e-con-boxed e-con e-parent\" data-id=\"70a5071\" data-element_type=\"container\" data-e-type=\"container\">\n\t\t\t\t\t<div class=\"e-con-inner\">\n\t\t\t\t<div class=\"elementor-element elementor-element-c6506ff elementor-invisible elementor-widget elementor-widget-heading\" data-id=\"c6506ff\" data-element_type=\"widget\" data-e-type=\"widget\" data-settings=\"{&quot;_animation&quot;:&quot;fadeIn&quot;}\" data-widget_type=\"heading.default\">\n\t\t\t\t\t<h1 class=\"elementor-heading-title elementor-size-default\">Vi\u00f0bur\u00f0ir<\/h1>\t\t\t\t<\/div>\n\t\t\t\t<div class=\"elementor-element elementor-element-9451144 elementor-widget-divider--view-line elementor-invisible elementor-widget elementor-widget-divider\" data-id=\"9451144\" data-element_type=\"widget\" data-e-type=\"widget\" data-settings=\"{&quot;_animation&quot;:&quot;fadeIn&quot;}\" data-widget_type=\"divider.default\">\n\t\t\t\t\t\t\t<div class=\"elementor-divider\">\n\t\t\t<span class=\"elementor-divider-separator\">\n\t\t\t\t\t\t<\/span>\n\t\t<\/div>\n\t\t\t\t\t\t<\/div>\n\t\t\t\t\t<\/div>\n\t\t\t\t<\/div>\n\t\t<div class=\"elementor-element elementor-element-d10db28 e-flex e-con-boxed e-con e-parent\" data-id=\"d10db28\" data-element_type=\"container\" data-e-type=\"container\">\n\t\t\t\t\t<div class=\"e-con-inner\">\n\t\t\t\t<div class=\"elementor-element elementor-element-31a2827 elementor-grid-3 elementor-grid-tablet-2 elementor-grid-mobile-1 elementor-widget elementor-widget-loop-grid\" data-id=\"31a2827\" data-element_type=\"widget\" data-e-type=\"widget\" data-settings=\"{&quot;template_id&quot;:&quot;961&quot;,&quot;_skin&quot;:&quot;post&quot;,&quot;columns&quot;:&quot;3&quot;,&quot;columns_tablet&quot;:&quot;2&quot;,&quot;columns_mobile&quot;:&quot;1&quot;,&quot;edit_handle_selector&quot;:&quot;[data-elementor-type=\\&quot;loop-item\\&quot;]&quot;,&quot;row_gap&quot;:{&quot;unit&quot;:&quot;px&quot;,&quot;size&quot;:&quot;&quot;,&quot;sizes&quot;:[]},&quot;row_gap_tablet&quot;:{&quot;unit&quot;:&quot;px&quot;,&quot;size&quot;:&quot;&quot;,&quot;sizes&quot;:[]},&quot;row_gap_mobile&quot;:{&quot;unit&quot;:&quot;px&quot;,&quot;size&quot;:&quot;&quot;,&quot;sizes&quot;:[]}}\" data-widget_type=\"loop-grid.post\">\n\t\t\t\t<div class=\"elementor-widget-container\">\n\t\t\t\t\t\t\t<div class=\"elementor-loop-container elementor-grid\" role=\"list\">\n\t\t<style id=\"loop-dynamic-961\">.e-loop-item-1870 .elementor-element.elementor-element-366b048:not(.elementor-motion-effects-element-type-background), .e-loop-item-1870 .elementor-element.elementor-element-366b048 > .elementor-motion-effects-container > .elementor-motion-effects-layer{background-image:url(\"https:\/\/cr.hi.is\/wp-content\/uploads\/2025\/11\/Hrafnkell-vid-listaverk.jpeg\");}<\/style><style id=\"loop-961\">.elementor-961 .elementor-element.elementor-element-f0d68e1{--display:flex;--flex-direction:column;--container-widget-width:100%;--container-widget-height:initial;--container-widget-flex-grow:0;--container-widget-align-self:initial;--flex-wrap-mobile:wrap;--padding-top:0px;--padding-bottom:0px;--padding-left:0px;--padding-right:0px;}.elementor-961 .elementor-element.elementor-element-366b048{--display:flex;--min-height:241px;--padding-top:0px;--padding-bottom:0px;--padding-left:0px;--padding-right:0px;}.elementor-961 .elementor-element.elementor-element-366b048:not(.elementor-motion-effects-element-type-background), .elementor-961 .elementor-element.elementor-element-366b048 > .elementor-motion-effects-container > .elementor-motion-effects-layer{background-position:center center;background-size:cover;}.elementor-961 .elementor-element.elementor-element-bd82dcf{--display:flex;--padding-top:0px;--padding-bottom:20px;--padding-left:30px;--padding-right:30px;}.elementor-widget-theme-post-title .elementor-heading-title{font-family:var( --e-global-typography-primary-font-family ), Sans-serif;font-weight:var( --e-global-typography-primary-font-weight );color:var( --e-global-color-primary );}.elementor-961 .elementor-element.elementor-element-be20066 .elementor-heading-title{font-family:\"Jost\", Sans-serif;font-size:20px;font-weight:600;text-transform:uppercase;line-height:1.2em;letter-spacing:2px;color:#1D1D1D;}.elementor-widget-theme-post-excerpt{font-family:var( --e-global-typography-text-font-family ), Sans-serif;font-weight:var( --e-global-typography-text-font-weight );color:var( --e-global-color-text );}<\/style>\t\t<div data-elementor-type=\"loop-item\" data-elementor-id=\"961\" class=\"elementor elementor-961 e-loop-item e-loop-item-1870 post-1870 post type-post status-publish format-standard has-post-thumbnail hentry category-vidburdur\" data-elementor-post-type=\"elementor_library\" data-custom-edit-handle=\"1\">\n\t\t\t<a class=\"elementor-element elementor-element-f0d68e1 hover-resize animated-fast e-flex e-con-boxed elementor-invisible e-con e-parent\" data-id=\"f0d68e1\" data-element_type=\"container\" data-e-type=\"container\" data-settings=\"{&quot;animation&quot;:&quot;zoomIn&quot;}\" href=\"https:\/\/cr.hi.is\/en\/gestalistamadur-i-gig\/\">\n\t\t\t\t\t<div class=\"e-con-inner\">\n\t\t<div class=\"elementor-element elementor-element-366b048 e-con-full e-flex e-con e-child\" data-id=\"366b048\" data-element_type=\"container\" data-e-type=\"container\" data-settings=\"{&quot;background_background&quot;:&quot;classic&quot;}\">\n\t\t\t\t<\/div>\n\t\t<div class=\"elementor-element elementor-element-bd82dcf e-con-full e-flex e-con e-child\" data-id=\"bd82dcf\" data-element_type=\"container\" data-e-type=\"container\">\n\t\t\t\t<div class=\"elementor-element elementor-element-be20066 elementor-widget elementor-widget-theme-post-title elementor-page-title elementor-widget-heading\" data-id=\"be20066\" data-element_type=\"widget\" data-e-type=\"widget\" data-widget_type=\"theme-post-title.default\">\n\t\t\t\t\t<h1 class=\"elementor-heading-title elementor-size-default\">Gestalistama\u00f0ur \u00ed G\u00edg<\/h1>\t\t\t\t<\/div>\n\t\t\t\t<div class=\"elementor-element elementor-element-cda5ad9 elementor-widget elementor-widget-theme-post-excerpt\" data-id=\"cda5ad9\" data-element_type=\"widget\" data-e-type=\"widget\" data-widget_type=\"theme-post-excerpt.default\">\n\t\t\t\t\t<p>Hrafnkell Sigur\u00f0sson, gestalistama\u00f0ur \u00ed G\u00edg, vinnur \u00fatilistaverk \u00far fundnu efni \u00ed M\u00fdvatnssveit, \u00ed samvinnu vi\u00f0 . . .\t\t\t\t<\/div>\n\t\t\t\t<\/div>\n\t\t\t\t\t<\/div>\n\t\t\t\t<\/a>\n\t\t\t\t<\/div>\n\t\t<style id=\"loop-dynamic-961\">.e-loop-item-1093 .elementor-element.elementor-element-366b048:not(.elementor-motion-effects-element-type-background), .e-loop-item-1093 .elementor-element.elementor-element-366b048 > .elementor-motion-effects-container > .elementor-motion-effects-layer{background-image:url(\"https:\/\/cr.hi.is\/wp-content\/uploads\/2025\/10\/Saga.webp\");}<\/style>\t\t<div data-elementor-type=\"loop-item\" data-elementor-id=\"961\" class=\"elementor elementor-961 e-loop-item e-loop-item-1093 post-1093 post type-post status-publish format-standard has-post-thumbnail hentry category-vidburdur\" data-elementor-post-type=\"elementor_library\" data-custom-edit-handle=\"1\">\n\t\t\t<a class=\"elementor-element elementor-element-f0d68e1 hover-resize animated-fast e-flex e-con-boxed elementor-invisible e-con e-parent\" data-id=\"f0d68e1\" data-element_type=\"container\" data-e-type=\"container\" data-settings=\"{&quot;animation&quot;:&quot;zoomIn&quot;}\" href=\"https:\/\/cr.hi.is\/en\/samsyning-i-listasafninu-a-akureyri\/\">\n\t\t\t\t\t<div class=\"e-con-inner\">\n\t\t<div class=\"elementor-element elementor-element-366b048 e-con-full e-flex e-con e-child\" data-id=\"366b048\" data-element_type=\"container\" data-e-type=\"container\" data-settings=\"{&quot;background_background&quot;:&quot;classic&quot;}\">\n\t\t\t\t<\/div>\n\t\t<div class=\"elementor-element elementor-element-bd82dcf e-con-full e-flex e-con e-child\" data-id=\"bd82dcf\" data-element_type=\"container\" data-e-type=\"container\">\n\t\t\t\t<div class=\"elementor-element elementor-element-be20066 elementor-widget elementor-widget-theme-post-title elementor-page-title elementor-widget-heading\" data-id=\"be20066\" data-element_type=\"widget\" data-e-type=\"widget\" data-widget_type=\"theme-post-title.default\">\n\t\t\t\t\t<h1 class=\"elementor-heading-title elementor-size-default\">Sams\u00fdning \u00ed Listasafninu \u00e1 Akureyri<\/h1>\t\t\t\t<\/div>\n\t\t\t\t<div class=\"elementor-element elementor-element-cda5ad9 elementor-widget elementor-widget-theme-post-excerpt\" data-id=\"cda5ad9\" data-element_type=\"widget\" data-e-type=\"widget\" data-widget_type=\"theme-post-excerpt.default\">\n\t\t\t\t\t<p>Vi\u00f0 erum kraftmiki\u00f0 umhverfi hvers annars og skapandi vi\u00f0brag\u00f0 er grunneiginleiki alls l\u00edfs. L\u00edfverur skynja . . .\t\t\t\t<\/div>\n\t\t\t\t<\/div>\n\t\t\t\t\t<\/div>\n\t\t\t\t<\/a>\n\t\t\t\t<\/div>\n\t\t<style id=\"loop-dynamic-961\">.e-loop-item-1080 .elementor-element.elementor-element-366b048:not(.elementor-motion-effects-element-type-background), .e-loop-item-1080 .elementor-element.elementor-element-366b048 > .elementor-motion-effects-container > .elementor-motion-effects-layer{background-image:url(\"https:\/\/cr.hi.is\/wp-content\/uploads\/2025\/10\/Kobenhavns_Universitet_Frue_Plads.webp\");}<\/style>\t\t<div data-elementor-type=\"loop-item\" data-elementor-id=\"961\" class=\"elementor elementor-961 e-loop-item e-loop-item-1080 post-1080 post type-post status-publish format-standard has-post-thumbnail hentry category-vidburdur\" data-elementor-post-type=\"elementor_library\" data-custom-edit-handle=\"1\">\n\t\t\t<a class=\"elementor-element elementor-element-f0d68e1 hover-resize animated-fast e-flex e-con-boxed elementor-invisible e-con e-parent\" data-id=\"f0d68e1\" data-element_type=\"container\" data-e-type=\"container\" data-settings=\"{&quot;animation&quot;:&quot;zoomIn&quot;}\" href=\"https:\/\/cr.hi.is\/en\/malthing-i-kaupmannahafnarhaskola\/\">\n\t\t\t\t\t<div class=\"e-con-inner\">\n\t\t<div class=\"elementor-element elementor-element-366b048 e-con-full e-flex e-con e-child\" data-id=\"366b048\" data-element_type=\"container\" data-e-type=\"container\" data-settings=\"{&quot;background_background&quot;:&quot;classic&quot;}\">\n\t\t\t\t<\/div>\n\t\t<div class=\"elementor-element elementor-element-bd82dcf e-con-full e-flex e-con e-child\" data-id=\"bd82dcf\" data-element_type=\"container\" data-e-type=\"container\">\n\t\t\t\t<div class=\"elementor-element elementor-element-be20066 elementor-widget elementor-widget-theme-post-title elementor-page-title elementor-widget-heading\" data-id=\"be20066\" data-element_type=\"widget\" data-e-type=\"widget\" data-widget_type=\"theme-post-title.default\">\n\t\t\t\t\t<h1 class=\"elementor-heading-title elementor-size-default\">M\u00e1l\u00feing \u00ed Kaupmannahafnarh\u00e1sk\u00f3la<\/h1>\t\t\t\t<\/div>\n\t\t\t\t<div class=\"elementor-element elementor-element-cda5ad9 elementor-widget elementor-widget-theme-post-excerpt\" data-id=\"cda5ad9\" data-element_type=\"widget\" data-e-type=\"widget\" data-widget_type=\"theme-post-excerpt.default\">\n\t\t\t\t\t<p>Fj\u00f6ldi fr\u00e6\u00f0i- og listamanna h\u00e9lt erindi um umhverfislist og vistsk\u00e1ldskap \u00e1 vel s\u00f3ttu m\u00e1l\u00feingi um . . .\t\t\t\t<\/div>\n\t\t\t\t<\/div>\n\t\t\t\t\t<\/div>\n\t\t\t\t<\/a>\n\t\t\t\t<\/div>\n\t\t<style id=\"loop-dynamic-961\">.e-loop-item-1095 .elementor-element.elementor-element-366b048:not(.elementor-motion-effects-element-type-background), .e-loop-item-1095 .elementor-element.elementor-element-366b048 > .elementor-motion-effects-container > .elementor-motion-effects-layer{background-image:url(\"https:\/\/cr.hi.is\/wp-content\/uploads\/2025\/10\/specta-5.webp\");}<\/style>\t\t<div data-elementor-type=\"loop-item\" data-elementor-id=\"961\" class=\"elementor elementor-961 e-loop-item e-loop-item-1095 post-1095 post type-post status-publish format-standard has-post-thumbnail hentry category-vidburdur\" data-elementor-post-type=\"elementor_library\" data-custom-edit-handle=\"1\">\n\t\t\t<a class=\"elementor-element elementor-element-f0d68e1 hover-resize animated-fast e-flex e-con-boxed elementor-invisible e-con e-parent\" data-id=\"f0d68e1\" data-element_type=\"container\" data-e-type=\"container\" data-settings=\"{&quot;animation&quot;:&quot;zoomIn&quot;}\" href=\"https:\/\/cr.hi.is\/en\/samsyning-i-specta-gallerii-i-kaupmannahofn\/\">\n\t\t\t\t\t<div class=\"e-con-inner\">\n\t\t<div class=\"elementor-element elementor-element-366b048 e-con-full e-flex e-con e-child\" data-id=\"366b048\" data-element_type=\"container\" data-e-type=\"container\" data-settings=\"{&quot;background_background&quot;:&quot;classic&quot;}\">\n\t\t\t\t<\/div>\n\t\t<div class=\"elementor-element elementor-element-bd82dcf e-con-full e-flex e-con e-child\" data-id=\"bd82dcf\" data-element_type=\"container\" data-e-type=\"container\">\n\t\t\t\t<div class=\"elementor-element elementor-element-be20066 elementor-widget elementor-widget-theme-post-title elementor-page-title elementor-widget-heading\" data-id=\"be20066\" data-element_type=\"widget\" data-e-type=\"widget\" data-widget_type=\"theme-post-title.default\">\n\t\t\t\t\t<h1 class=\"elementor-heading-title elementor-size-default\">Sams\u00fdning \u00ed SPECTA galler\u00edi \u00ed Kaupmannah\u00f6fn<\/h1>\t\t\t\t<\/div>\n\t\t\t\t<div class=\"elementor-element elementor-element-cda5ad9 elementor-widget elementor-widget-theme-post-excerpt\" data-id=\"cda5ad9\" data-element_type=\"widget\" data-e-type=\"widget\" data-widget_type=\"theme-post-excerpt.default\">\n\t\t\t\t\t<p>Sams\u00fdningin Creative Responses \/ Vi\u00f0brag\u00f0 st\u00f3\u00f0 yfir \u00ed SPECTA galler\u00edi \u00ed Kaupmannah\u00f6fn fr\u00e1 16. ma\u00ed . . .\t\t\t\t<\/div>\n\t\t\t\t<\/div>\n\t\t\t\t\t<\/div>\n\t\t\t\t<\/a>\n\t\t\t\t<\/div>\n\t\t\t\t<\/div>\n\t\t\n\t\t\t\t\t\t<\/div>\n\t\t\t\t<\/div>\n\t\t\t\t\t<\/div>\n\t\t\t\t<\/div>\n\t\t\t\t<\/div>\n\t\t","protected":false},"excerpt":{"rendered":"<p>EVENTS<\/p>","protected":false},"author":11,"featured_media":0,"parent":0,"menu_order":0,"comment_status":"closed","ping_status":"closed","template":"","meta":{"_acf_changed":false,"footnotes":""},"class_list":["post-1006","page","type-page","status-publish","hentry"],"acf":[],"aioseo_notices":[],"_links":{"self":[{"href":"https:\/\/cr.hi.is\/en\/wp-json\/wp\/v2\/pages\/1006","targetHints":{"allow":["GET"]}}],"collection":[{"href":"https:\/\/cr.hi.is\/en\/wp-json\/wp\/v2\/pages"}],"about":[{"href":"https:\/\/cr.hi.is\/en\/wp-json\/wp\/v2\/types\/page"}],"author":[{"embeddable":true,"href":"https:\/\/cr.hi.is\/en\/wp-json\/wp\/v2\/users\/11"}],"replies":[{"embeddable":true,"href":"https:\/\/cr.hi.is\/en\/wp-json\/wp\/v2\/comments?post=1006"}],"version-history":[{"count":18,"href":"https:\/\/cr.hi.is\/en\/wp-json\/wp\/v2\/pages\/1006\/revisions"}],"predecessor-version":[{"id":1555,"href":"https:\/\/cr.hi.is\/en\/wp-json\/wp\/v2\/pages\/1006\/revisions\/1555"}],"wp:attachment":[{"href":"https:\/\/cr.hi.is\/en\/wp-json\/wp\/v2\/media?parent=1006"}],"curies":[{"name":"wp","href":"https:\/\/api.w.org\/{rel}","templated":true}]}}